{"id":286,"date":"2021-11-29T16:22:26","date_gmt":"2021-11-29T16:22:26","guid":{"rendered":"https:\/\/aguinaldo.eu\/?page_id=286"},"modified":"2022-01-18T08:47:47","modified_gmt":"2022-01-18T08:47:47","slug":"documental","status":"publish","type":"page","link":"https:\/\/aguinaldo.eu\/","title":{"rendered":"Documental"},"content":{"rendered":"<p>[et_pb_section fb_built=\u00bb1&#8243; admin_label=\u00bbSeasonal Collection\u00bb _builder_version=\u00bb4.9.4&#8243; background_color=\u00bb#264059&#8243; use_background_color_gradient=\u00bbon\u00bb background_color_gradient_start=\u00bb#264059&#8243; background_color_gradient_end=\u00bbrgba(38,64,89,0)\u00bb background_color_gradient_direction=\u00bb90deg\u00bb background_color_gradient_start_position=\u00bb30%\u00bb background_color_gradient_end_position=\u00bb80%\u00bb background_color_gradient_overlays_image=\u00bbon\u00bb background_image=\u00bbhttps:\/\/aguinaldo.eu\/wp-content\/uploads\/2021\/06\/El-Aguinaldo-a-scaled.jpg\u00bb custom_margin=\u00bb|||\u00bb custom_padding=\u00bb10%|0px|10%|0px\u00bb][et_pb_row custom_padding_last_edited=\u00bboff|desktop\u00bb admin_label=\u00bbHero Area\u00bb _builder_version=\u00bb3.25&#8243; custom_padding=\u00bb27px|0px|0px|0px\u00bb][et_pb_column type=\u00bb4_4&#8243; _builder_version=\u00bb3.25&#8243; custom_padding=\u00bb|||\u00bb custom_padding__hover=\u00bb|||\u00bb][et_pb_text admin_label=\u00bbHero Title\u00bb _builder_version=\u00bb4.9.4&#8243; text_font=\u00bbPlayfair Display||||||||\u00bb header_font=\u00bbAlice||||||||\u00bb header_font_size=\u00bb120px\u00bb header_letter_spacing=\u00bb-3px\u00bb header_line_height=\u00bb1.1em\u00bb header_2_font=\u00bbAlice||||||||\u00bb header_2_font_size=\u00bb40px\u00bb background_layout=\u00bbdark\u00bb animation_style=\u00bbfade\u00bb animation_direction=\u00bbleft\u00bb animation_duration=\u00bb2000ms\u00bb text_font_size_last_edited=\u00bboff|desktop\u00bb header_font_size_tablet=\u00bb\u00bb header_font_size_phone=\u00bb60px\u00bb header_font_size_last_edited=\u00bbon|desktop\u00bb]<\/p>\n<h1>El guirria<br \/>y el Aguinaldo<\/h1>\n<h2>de Bele\u00f1o<\/h2>\n<p>[\/et_pb_text][et_pb_text _builder_version=\u00bb4.9.4&#8243; text_font=\u00bb||||||||\u00bb text_font_size=\u00bb18px\u00bb text_line_height=\u00bb1.8em\u00bb header_font=\u00bb||||||||\u00bb background_layout=\u00bbdark\u00bb max_width=\u00bb500px\u00bb custom_margin=\u00bb|||\u00bb custom_padding=\u00bb||10px|\u00bb animation_style=\u00bbfade\u00bb animation_direction=\u00bbleft\u00bb animation_duration=\u00bb2000ms\u00bb animation_delay=\u00bb1000ms\u00bb]<\/p>\n<h3>Concejo de Ponga, Asturias<\/h3>\n<p>Patrimonio cultural<\/p>\n<p>[\/et_pb_text][\/et_pb_column][\/et_pb_row][\/et_pb_section][et_pb_section fb_built=\u00bb1&#8243; admin_label=\u00bbOur Specialties Section\u00bb _builder_version=\u00bb3.22&#8243; custom_padding=\u00bb50px||50px|||\u00bb][et_pb_row _builder_version=\u00bb4.9.4&#8243; _module_preset=\u00bbdefault\u00bb][et_pb_column type=\u00bb4_4&#8243; _builder_version=\u00bb4.9.4&#8243; _module_preset=\u00bbdefault\u00bb][et_pb_code _builder_version=\u00bb4.9.4&#8243; _module_preset=\u00bbdefault\u00bb]<iframe loading=\"lazy\" src=\"https:\/\/player.vimeo.com\/video\/661318302?h=7dcb7ae12f&#038;badge=0&#038;autopause=0&#038;player_id=0&#038;app_id=58479\" width=\"1920\" height=\"1080\" frameborder=\"0\" allow=\"autoplay; fullscreen; picture-in-picture\" allowfullscreen title=\"El Guirria y el Aguinaldo de Bele\u00f1o\"><\/iframe>[\/et_pb_code][et_pb_text _builder_version=\u00bb4.9.4&#8243; _module_preset=\u00bbdefault\u00bb background_color=\u00bb#000000&#8243; background_layout=\u00bbdark\u00bb custom_padding=\u00bb20px|20px|20px|20px|true|true\u00bb]<\/p>\n<p><strong>Si deseas compartir el documental o descargar una copia en mayor calidad (2 gigas), para verla en tu ordenador sin necesidad de conexi\u00f3n, haz clic en el icono superior derecho \u00abCompartir\u00bb y elige la opci\u00f3n preferida. Tambi\u00e9n puedes emplear el c\u00f3digo de inserci\u00f3n para redes o webs.<\/strong><\/p>\n<p>[\/et_pb_text][\/et_pb_column][\/et_pb_row][et_pb_row column_structure=\u00bb1_2,1_2&#8243; admin_label=\u00bbOur Specialties\u00bb _builder_version=\u00bb4.9.4&#8243; background_color=\u00bb#264059&#8243; custom_margin=\u00bb40px|||\u00bb border_radii=\u00bbon|2px|2px|2px|2px\u00bb border_width_all=\u00bb1px\u00bb border_color_all=\u00bb#EDF000&#8243; border_style_all=\u00bbdashed\u00bb][et_pb_column type=\u00bb1_2&#8243; _builder_version=\u00bb4.9.4&#8243; custom_padding=\u00bb|||\u00bb custom_padding__hover=\u00bb|||\u00bb][et_pb_divider divider_weight=\u00bb0px\u00bb _builder_version=\u00bb4.9.4&#8243; _module_preset=\u00bbdefault\u00bb height=\u00bb30px\u00bb custom_padding=\u00bb|||40px|false|false\u00bb][\/et_pb_divider][et_pb_text content_tablet=\u00bb\u00bb content_phone=\u00bb<\/p>\n<h4 style=%22text-align: center;%22>Comunicaci\u00f3n cooperativa<\/h4>\n<p>\u00bb content_last_edited=\u00bbon|phone\u00bb admin_label=\u00bbTitle\u00bb _builder_version=\u00bb4.9.4&#8243; text_font=\u00bbAlice||||||||\u00bb header_font=\u00bb||||||||\u00bb header_2_font=\u00bbAladin||||||||\u00bb header_2_text_align=\u00bbcenter\u00bb header_2_text_color=\u00bb#EDF000&#8243; header_2_font_size=\u00bb40px\u00bb header_2_line_height=\u00bb1.3em\u00bb header_4_font=\u00bbAlice||||||||\u00bb header_4_text_color=\u00bb#EDF000&#8243; background_color=\u00bb#264059&#8243; custom_margin=\u00bb||20px|\u00bb custom_padding=\u00bb10px|10px|10px|10px|true|true\u00bb animation_style=\u00bbslide\u00bb animation_direction=\u00bbtop\u00bb animation_intensity_slide=\u00bb30%\u00bb animation_starting_opacity=\u00bb100%\u00bb]<\/p>\n<h2 style=\"text-align: center;\">Bele\u00f1o, 31 de diciembre de 2021<\/h2>\n<h4 style=\"text-align: center;\"><span style=\"color: #ffffff;\">El documental se estren\u00f3 el viernes 31 de diciembre de 2021 a las cuatro de la tarde, con el aforo completo, en dependencias del Ayuntamiento de Ponga<\/span><\/h4>\n<p>[\/et_pb_text][\/et_pb_column][et_pb_column type=\u00bb1_2&#8243; _builder_version=\u00bb4.9.4&#8243; custom_padding=\u00bb|||\u00bb custom_padding__hover=\u00bb|||\u00bb][et_pb_gallery gallery_ids=\u00bb489,485,484,488,499,491,498&#8243; fullwidth=\u00bbon\u00bb _builder_version=\u00bb4.9.4&#8243; _module_preset=\u00bbdefault\u00bb animation_style=\u00bbfade\u00bb animation_duration=\u00bb7000ms\u00bb auto=\u00bbon\u00bb][\/et_pb_gallery][\/et_pb_column][\/et_pb_row][et_pb_row admin_label=\u00bbOur Specialties\u00bb _builder_version=\u00bb4.9.4&#8243; custom_margin=\u00bb40px|||\u00bb][et_pb_column type=\u00bb4_4&#8243; _builder_version=\u00bb4.9.4&#8243; custom_padding=\u00bb|||\u00bb custom_padding__hover=\u00bb|||\u00bb][\/et_pb_column][\/et_pb_row][et_pb_row column_structure=\u00bb3_5,2_5&#8243; admin_label=\u00bbTitle Area\u00bb _builder_version=\u00bb4.9.4&#8243; background_color=\u00bb#000000&#8243;][et_pb_column type=\u00bb3_5&#8243; _builder_version=\u00bb3.25&#8243; custom_padding=\u00bb|||\u00bb custom_padding__hover=\u00bb|||\u00bb][et_pb_divider color=\u00bb#2a2a2a\u00bb divider_weight=\u00bb3px\u00bb _builder_version=\u00bb4.9.4&#8243; max_width=\u00bb50px\u00bb module_alignment=\u00bbcenter\u00bb custom_margin=\u00bb||10px|\u00bb animation_style=\u00bbslide\u00bb animation_direction=\u00bbtop\u00bb animation_intensity_slide=\u00bb30%\u00bb animation_starting_opacity=\u00bb100%\u00bb][\/et_pb_divider][et_pb_text admin_label=\u00bbTitle\u00bb _builder_version=\u00bb4.9.4&#8243; text_font=\u00bb||||||||\u00bb header_font=\u00bb||||||||\u00bb header_2_font=\u00bbAlice||||||||\u00bb header_2_text_align=\u00bbcenter\u00bb header_2_font_size=\u00bb31px\u00bb header_2_line_height=\u00bb1.3em\u00bb background_layout=\u00bbdark\u00bb custom_margin=\u00bb||20px|\u00bb animation_style=\u00bbslide\u00bb animation_direction=\u00bbtop\u00bb animation_intensity_slide=\u00bb30%\u00bb animation_starting_opacity=\u00bb100%\u00bb]<\/p>\n<h2>El Guirria y el Aguinaldo de Bele\u00f1o<\/h2>\n<p>[\/et_pb_text][\/et_pb_column][et_pb_column type=\u00bb2_5&#8243; _builder_version=\u00bb3.25&#8243; custom_padding=\u00bb|||\u00bb custom_padding__hover=\u00bb|||\u00bb][et_pb_text admin_label=\u00bbSubtitle\u00bb _builder_version=\u00bb4.9.4&#8243; text_font=\u00bb||||||||\u00bb text_font_size=\u00bb16px\u00bb text_line_height=\u00bb1.8em\u00bb text_orientation=\u00bbcenter\u00bb background_layout=\u00bbdark\u00bb max_width=\u00bb700px\u00bb module_alignment=\u00bbcenter\u00bb animation_style=\u00bbfade\u00bb animation_direction=\u00bbtop\u00bb animation_starting_opacity=\u00bb100%\u00bb]<\/p>\n<p><strong>Duraci\u00f3n: 60 minutos<\/strong><\/p>\n<ul>\n<li style=\"text-align: left;\">Parte I. Aguinaldo, de Oliver Laxe<\/li>\n<li style=\"text-align: left;\">Parte II. Im\u00e1genes del siglo XX, de Ra\u00fal V\u00e1zquez<\/li>\n<li style=\"text-align: left;\">Parte III. Reflexiones, de Cr\u00f3nica Circular<\/li>\n<\/ul>\n<p>[\/et_pb_text][\/et_pb_column][\/et_pb_row][et_pb_row column_structure=\u00bb1_2,1_2&#8243; _builder_version=\u00bb4.9.4&#8243; _module_preset=\u00bbdefault\u00bb][et_pb_column type=\u00bb1_2&#8243; _builder_version=\u00bb4.9.4&#8243; _module_preset=\u00bbdefault\u00bb][et_pb_toggle title=\u00bbIntervienen\u00bb open_toggle_text_color=\u00bb#FFFFFF\u00bb closed_toggle_text_color=\u00bb#FFFFFF\u00bb _builder_version=\u00bb4.9.4&#8243; _module_preset=\u00bbdefault\u00bb title_level=\u00bbh3&#8243; body_text_color=\u00bb#FFFFFF\u00bb background_color=\u00bb#000000&#8243;]<\/p>\n<p>Testimonios, por orden de aparici\u00f3n:<\/p>\n<ul>\n<li>Pedro Santos Varela<\/li>\n<li>Sergio Fern\u00e1ndez \u00c1lvarez<\/li>\n<li>Ra\u00fal V\u00e1zquez Gonz\u00e1lez<\/li>\n<li>Arcadio Prieto Zard\u00f3n<\/li>\n<li>Adriano Mones de Fe<\/li>\n<li>Baldomero Su\u00e1rez Coviella<\/li>\n<li>Bernardo Collado Guti\u00e9rrez<\/li>\n<li>Delf\u00edn Collado Guti\u00e9rrez<\/li>\n<li>Raquel Collado Guti\u00e9rrez<\/li>\n<li>Reyes Collado Guti\u00e9rrez<\/li>\n<li>Ofelia Collado Guti\u00e9rrez<\/li>\n<li>Antonio Montoya<\/li>\n<li>Pablo P\u00e9rez Su\u00e1rez<\/li>\n<li>Alvaro Mones Bayo<\/li>\n<li>Amparo Velasco Viego<\/li>\n<li>Carmen Santos Varela<\/li>\n<li>Adela Mones Bayo<\/li>\n<li>Mayayu Mu\u00f1iz D\u00edaz<\/li>\n<li>Javier Rodr\u00edguez Gallinar<\/li>\n<li>Marta Alonso Guijarro<\/li>\n<li>Jos\u00e9 Ram\u00f3n L\u00f3pez Fern\u00e1ndez<\/li>\n<li>Emma Mart\u00ednez Gallinar<\/li>\n<li>Jorge Llera Priede<\/li>\n<li>Ubaldo Villabrille V\u00e1zquez<\/li>\n<li>Jos\u00e9 P\u00e9rez Junco<\/li>\n<li>Eva Antu\u00f1a Garc\u00eda<\/li>\n<li>Angelita Mu\u00f1iz Fern\u00e1ndez<\/li>\n<li>Nuria Granda Jove<\/li>\n<li>Patricia Ibaseta D\u00edaz<\/li>\n<li>Gabriel Llera Fern\u00e1ndez<\/li>\n<\/ul>\n<p>Maestras y ni\u00f1os interpretando \u00abVivaponga\u00bb<\/p>\n<ul>\n<li>Mar\u00eda Dolores Hern\u00e1ndez Garc\u00eda<\/li>\n<li>Mar\u00eda Esperanza Velasco B\u00e1rzana<\/li>\n<\/ul>\n<ul>\n<li>Candela Herrero Castilla<\/li>\n<li>Claudia Alas Pintueles<\/li>\n<li>Xoel Silva Mones<\/li>\n<li>Rodrigo Corral Calvelo<\/li>\n<li>Iria P\u00e9rez Prado<\/li>\n<li>Naevia P\u00e9rez Prado<\/li>\n<li>Xabi Alas Pintueles<\/li>\n<li>Mara Gonz\u00e1lez Iglesias<\/li>\n<li>Mart\u00edn S\u00e1nchez Valle<\/li>\n<\/ul>\n<p>[\/et_pb_toggle][\/et_pb_column][et_pb_column type=\u00bb1_2&#8243; _builder_version=\u00bb4.9.4&#8243; _module_preset=\u00bbdefault\u00bb][et_pb_toggle title=\u00bbEjecuci\u00f3n\u00bb open_toggle_text_color=\u00bb#FFFFFF\u00bb closed_toggle_text_color=\u00bb#FFFFFF\u00bb _builder_version=\u00bb4.9.4&#8243; _module_preset=\u00bbdefault\u00bb title_level=\u00bbh3&#8243; body_text_color=\u00bb#FFFFFF\u00bb background_color=\u00bb#000000&#8243;]<strong>I. Aguinaldo<\/strong><br \/>\nDirecci\u00f3n y realizaci\u00f3n Oliver Laxe<br \/>\nAyudante de c\u00e1mara: Bego\u00f1a Marcos Fern\u00e1ndez<br \/>\nSonido: Nicol\u00e1s Barrena Ortiz<\/p>\n<p><strong>II. Aguinaldo Siglo XX<\/strong><br \/>\nImagen documental: R\u00e1ul V\u00e1zquez Gonz\u00e1lez<\/p>\n<p><strong>III. Testimonios XXI<\/strong><br \/>\nRealizaci\u00f3n y coordinaci\u00f3n: Comunicoop<br \/>\nC\u00e1maras:<br \/>\n&#8211; C\u00e9sar H\u00f3rreo<br \/>\n&#8211; In\u00e9s G. Aparicio<br \/>\n&#8211; Fran Rodr\u00edguez Casal<br \/>\n&#8211; Pablo Casanueva<br \/>\nProducci\u00f3n:<br \/>\n&#8211; Ram\u00f3n del Barrio Men\u00e9ndez<br \/>\n&#8211; Gonzalo Barrena Diez<br \/>\n&#8211; Ram\u00f3n del Barrio Marcos, Ayudante de producci\u00f3n<br \/>\n&#8211; Miramemira, Comunicaci\u00f3n e intervenci\u00f3n audiovisual<\/p>\n<p><strong>Edici\u00f3n y realizaci\u00f3n:\u00a0<\/strong><br \/>\n&#8211; Bel\u00e9n Gonz\u00e1lez Ojea<br \/>\n&#8211; Raquel Enr\u00edquez<br \/>\n&#8211; Andr\u00e9s Sanjurjo Garc\u00eda[\/et_pb_toggle][\/et_pb_column][\/et_pb_row][et_pb_row column_structure=\u00bb3_5,2_5&#8243; admin_label=\u00bbTitle Area\u00bb _builder_version=\u00bb3.25&#8243;][et_pb_column type=\u00bb3_5&#8243; _builder_version=\u00bb3.25&#8243; custom_padding=\u00bb|||\u00bb custom_padding__hover=\u00bb|||\u00bb][et_pb_text admin_label=\u00bbTitle\u00bb _builder_version=\u00bb4.9.4&#8243; text_font=\u00bb||||||||\u00bb header_font=\u00bb||||||||\u00bb header_2_font=\u00bbAlice||||||||\u00bb header_2_text_align=\u00bbcenter\u00bb header_2_font_size=\u00bb42px\u00bb header_2_line_height=\u00bb1.3em\u00bb custom_margin=\u00bb||20px|\u00bb animation_style=\u00bbslide\u00bb animation_direction=\u00bbtop\u00bb animation_intensity_slide=\u00bb30%\u00bb animation_starting_opacity=\u00bb100%\u00bb]<\/p>\n<h2>Documental<\/h2>\n<p>[\/et_pb_text][et_pb_text admin_label=\u00bbSubtitle\u00bb _builder_version=\u00bb4.9.4&#8243; text_font=\u00bb||||||||\u00bb text_font_size=\u00bb16px\u00bb text_line_height=\u00bb1.8em\u00bb text_orientation=\u00bbcenter\u00bb max_width=\u00bb700px\u00bb module_alignment=\u00bbcenter\u00bb animation_style=\u00bbslide\u00bb animation_direction=\u00bbtop\u00bb animation_intensity_slide=\u00bb20%\u00bb animation_starting_opacity=\u00bb100%\u00bb]<\/p>\n<p style=\"text-align: left;\">Proyecto presentado en 2020 al Programa de <strong>Ayudas Leader del Oriente de Asturias<\/strong> por la Asociaci\u00f3n Cultural Comunicoop (Comunicaci\u00f3n cooperativa), entregado el <strong>29 de noviembre de 2021<\/strong>\u00a0y\u00a0<strong>estrenado en Bele\u00f1o, Ponga<\/strong>, el 31 de diciembre del a\u00f1o 2021. Existen copias en alta calidad del documental a disposici\u00f3n de las instituciones del Concejo (Comisi\u00f3n de la Fiesta, Ayuntamiento, Asociaciones vecinales o profesionales, Escuela P\u00fablica y Centro de Interpretaci\u00f3n del Parque Natural). Adem\u00e1s, en este sitio web, los vecinos e interesados cuentan con acceso libre al mismo.<\/p>\n<p>[\/et_pb_text][\/et_pb_column][et_pb_column type=\u00bb2_5&#8243; _builder_version=\u00bb3.25&#8243; custom_padding=\u00bb|||\u00bb custom_padding__hover=\u00bb|||\u00bb][et_pb_text admin_label=\u00bbTitle\u00bb _builder_version=\u00bb4.9.4&#8243; text_font=\u00bb||||||||\u00bb header_font=\u00bb||||||||\u00bb header_2_font=\u00bbAlice||||||||\u00bb header_2_text_align=\u00bbcenter\u00bb header_2_font_size=\u00bb42px\u00bb header_2_line_height=\u00bb1.3em\u00bb custom_margin=\u00bb||20px|\u00bb animation_style=\u00bbslide\u00bb animation_direction=\u00bbtop\u00bb animation_intensity_slide=\u00bb30%\u00bb animation_starting_opacity=\u00bb100%\u00bb]<\/p>\n<h2>Ayuda Leader<\/h2>\n<p>[\/et_pb_text][et_pb_image src=\u00bbhttps:\/\/aguinaldo.eu\/wp-content\/uploads\/2021\/12\/Info-Leader-scaled.jpg\u00bb title_text=\u00bbInfo Leader\u00bb show_in_lightbox=\u00bbon\u00bb _builder_version=\u00bb4.9.4&#8243; _module_preset=\u00bbdefault\u00bb][\/et_pb_image][\/et_pb_column][\/et_pb_row][et_pb_row custom_padding_last_edited=\u00bboff|desktop\u00bb admin_label=\u00bbHero Area\u00bb _builder_version=\u00bb3.25&#8243; custom_padding=\u00bb27px|0px|0px|0px\u00bb locked=\u00bboff\u00bb][et_pb_column type=\u00bb4_4&#8243; _builder_version=\u00bb3.25&#8243; custom_padding=\u00bb|||\u00bb custom_padding__hover=\u00bb|||\u00bb][et_pb_text content_tablet=\u00bb\u00bb content_phone=\u00bb<\/p>\n<h4 style=%22text-align: center;%22>Comunicaci\u00f3n cooperativa<\/h4>\n<p>\u00bb content_last_edited=\u00bbon|phone\u00bb admin_label=\u00bbTitle\u00bb _builder_version=\u00bb4.9.4&#8243; text_font=\u00bb||||||||\u00bb header_font=\u00bb||||||||\u00bb header_2_font=\u00bbAlice||||||||\u00bb header_2_text_align=\u00bbcenter\u00bb header_2_text_color=\u00bb#EDF000&#8243; header_2_font_size=\u00bb31px\u00bb header_2_line_height=\u00bb1.3em\u00bb header_4_text_color=\u00bb#EDF000&#8243; background_color=\u00bb#264059&#8243; custom_margin=\u00bb||20px|\u00bb custom_padding=\u00bb10px|10px|10px|10px|true|true\u00bb animation_style=\u00bbslide\u00bb animation_direction=\u00bbtop\u00bb animation_intensity_slide=\u00bb30%\u00bb animation_starting_opacity=\u00bb100%\u00bb]<\/p>\n<h2>Comunicaci\u00f3n cooperativa<\/h2>\n<p>[\/et_pb_text][\/et_pb_column][\/et_pb_row][et_pb_row _builder_version=\u00bb4.9.4&#8243; _module_preset=\u00bbdefault\u00bb][et_pb_column type=\u00bb4_4&#8243; _builder_version=\u00bb4.9.4&#8243; _module_preset=\u00bbdefault\u00bb][et_pb_text content_phone=\u00bb<\/p>\n<h5>Contenidos futuros del sitio %22El aguinaldo y el guirria de Bele\u00f1o%22<\/h5>\n<p>\u00bb content_last_edited=\u00bboff|desktop\u00bb _builder_version=\u00bb4.9.4&#8243; _module_preset=\u00bbdefault\u00bb hover_enabled=\u00bb0&#8243; sticky_enabled=\u00bb0&#8243;]<\/p>\n<p><strong>CONTENIDOS DE ESTE SITIO:<\/strong><\/p>\n<p><span style=\"font-size: 14px;\">Dado el inter\u00e9s social del proyecto, iniciamos una galer\u00eda de <strong><a href=\"https:\/\/aguinaldo.eu\/index.php\/colaboraciones\/\">COLABORACIONES<\/a>\u00a0<\/strong>con las im\u00e1genes hist\u00f3ricas de mayor relevancia para completar su documentaci\u00f3n. En el espacio habilitado, los vecinos, familiares o conocedores del contexto, pueden introducir los datos y precisiones que estimen oportunas. Los datos aportados y debidamente contrastados se incorporar\u00e1n a la documentaci\u00f3n de esta web, sin publicar nombre, correo ni otros datos de los informantes.<\/span><\/p>\n<p><span style=\"font-size: 14px;\">El acceso a otros recursos del rodaje, as\u00ed como a im\u00e1genes de especial inter\u00e9s personal o familiar, puede solicitarse al correo electr\u00f3nico de este sitio: <strong>informacion@aguinaldo.eu<\/strong><\/span><\/p>\n<p>[\/et_pb_text][\/et_pb_column][\/et_pb_row][et_pb_row _builder_version=\u00bb4.9.4&#8243; _module_preset=\u00bbdefault\u00bb][et_pb_column type=\u00bb4_4&#8243; _builder_version=\u00bb4.9.4&#8243; _module_preset=\u00bbdefault\u00bb][et_pb_image src=\u00bbhttps:\/\/aguinaldo.eu\/wp-content\/uploads\/2021\/12\/Logos.jpg\u00bb title_text=\u00bbLogos\u00bb _builder_version=\u00bb4.9.4&#8243; _module_preset=\u00bbdefault\u00bb][\/et_pb_image][\/et_pb_column][\/et_pb_row][\/et_pb_section]<\/p>\n","protected":false},"excerpt":{"rendered":"<p>[et_pb_section fb_built=\u00bb1&#8243; admin_label=\u00bbSeasonal Collection\u00bb _builder_version=\u00bb4.9.4&#8243; background_color=\u00bb#264059&#8243; use_background_color_gradient=\u00bbon\u00bb background_color_gradient_start=\u00bb#264059&#8243; background_color_gradient_end=\u00bbrgba(38,64,89,0)\u00bb background_color_gradient_direction=\u00bb90deg\u00bb background_color_gradient_start_position=\u00bb30%\u00bb background_color_gradient_end_position=\u00bb80%\u00bb background_color_gradient_overlays_image=\u00bbon\u00bb background_image=\u00bbhttps:\/\/aguinaldo.eu\/wp-content\/uploads\/2021\/06\/El-Aguinaldo-a-scaled.jpg\u00bb custom_margin=\u00bb|||\u00bb custom_padding=\u00bb10%|0px|10%|0px\u00bb][et_pb_row custom_padding_last_edited=\u00bboff|desktop\u00bb admin_label=\u00bbHero Area\u00bb _builder_version=\u00bb3.25&#8243; custom_padding=\u00bb27px|0px|0px|0px\u00bb][et_pb_column type=\u00bb4_4&#8243; _builder_version=\u00bb3.25&#8243; custom_padding=\u00bb|||\u00bb custom_padding__hover=\u00bb|||\u00bb][et_pb_text admin_label=\u00bbHero Title\u00bb _builder_version=\u00bb4.9.4&#8243; text_font=\u00bbPlayfair Display||||||||\u00bb header_font=\u00bbAlice||||||||\u00bb header_font_size=\u00bb120px\u00bb header_letter_spacing=\u00bb-3px\u00bb header_line_height=\u00bb1.1em\u00bb header_2_font=\u00bbAlice||||||||\u00bb header_2_font_size=\u00bb40px\u00bb background_layout=\u00bbdark\u00bb animation_style=\u00bbfade\u00bb animation_direction=\u00bbleft\u00bb animation_duration=\u00bb2000ms\u00bb text_font_size_last_edited=\u00bboff|desktop\u00bb header_font_size_tablet=\u00bb\u00bb header_font_size_phone=\u00bb60px\u00bb header_font_size_last_edited=\u00bbon|desktop\u00bb] El guirriay el Aguinaldo de Bele\u00f1o [\/et_pb_text][et_pb_text _builder_version=\u00bb4.9.4&#8243; text_font=\u00bb||||||||\u00bb text_font_size=\u00bb18px\u00bb text_line_height=\u00bb1.8em\u00bb [&hellip;]<\/p>\n","protected":false},"author":1,"featured_media":0,"parent":0,"menu_order":0,"comment_status":"closed","ping_status":"closed","template":"","meta":{"_et_pb_use_builder":"on","_et_pb_old_content":"","_et_gb_content_width":"","footnotes":""},"class_list":["post-286","page","type-page","status-publish","hentry"],"_links":{"self":[{"href":"https:\/\/aguinaldo.eu\/index.php\/wp-json\/wp\/v2\/pages\/286","targetHints":{"allow":["GET"]}}],"collection":[{"href":"https:\/\/aguinaldo.eu\/index.php\/wp-json\/wp\/v2\/pages"}],"about":[{"href":"https:\/\/aguinaldo.eu\/index.php\/wp-json\/wp\/v2\/types\/page"}],"author":[{"embeddable":true,"href":"https:\/\/aguinaldo.eu\/index.php\/wp-json\/wp\/v2\/users\/1"}],"replies":[{"embeddable":true,"href":"https:\/\/aguinaldo.eu\/index.php\/wp-json\/wp\/v2\/comments?post=286"}],"version-history":[{"count":92,"href":"https:\/\/aguinaldo.eu\/index.php\/wp-json\/wp\/v2\/pages\/286\/revisions"}],"predecessor-version":[{"id":543,"href":"https:\/\/aguinaldo.eu\/index.php\/wp-json\/wp\/v2\/pages\/286\/revisions\/543"}],"wp:attachment":[{"href":"https:\/\/aguinaldo.eu\/index.php\/wp-json\/wp\/v2\/media?parent=286"}],"curies":[{"name":"wp","href":"https:\/\/api.w.org\/{rel}","templated":true}]}}